{"id":410,"date":"2017-06-02T15:32:34","date_gmt":"2017-06-02T15:32:34","guid":{"rendered":"https:\/\/www.amyhorvey.com\/home\/"},"modified":"2023-02-21T19:48:27","modified_gmt":"2023-02-21T19:48:27","slug":"accueil","status":"publish","type":"page","link":"https:\/\/www.amyhorvey.com\/fr\/","title":{"rendered":"Accueil"},"content":{"rendered":"<h4>Amy Horvey<\/h4>\n<p><img data-recalc-dims=\"1\" decoding=\"async\" data-attachment-id=\"358\" data-permalink=\"https:\/\/www.amyhorvey.com\/fr\/accueil\/ah-2_web-2\/\" data-orig-file=\"https:\/\/i0.wp.com\/www.amyhorvey.com\/wp-content\/uploads\/2017\/06\/AH-2_web.jpg?fit=1500%2C1005&amp;ssl=1\" data-orig-size=\"1500,1005\" data-comments-opened=\"1\" data-image-meta=\"{&quot;aperture&quot;:&quot;2&quot;,&quot;credit&quot;:&quot;&quot;,&quot;camera&quot;:&quot;X100S&quot;,&quot;caption&quot;:&quot;&quot;,&quot;created_timestamp&quot;:&quot;1484672501&quot;,&quot;copyright&quot;:&quot;&quot;,&quot;focal_length&quot;:&quot;23&quot;,&quot;iso&quot;:&quot;640&quot;,&quot;shutter_speed&quot;:&quot;0.016666666666667&quot;,&quot;title&quot;:&quot;&quot;,&quot;orientation&quot;:&quot;1&quot;}\" data-image-title=\"AH-2_web\" data-image-description=\"\" data-image-caption=\"\" data-large-file=\"https:\/\/i0.wp.com\/www.amyhorvey.com\/wp-content\/uploads\/2017\/06\/AH-2_web.jpg?fit=1024%2C686&amp;ssl=1\" loading=\"lazy\" class=\"alignnone wp-image-358 size-large\" src=\"https:\/\/i0.wp.com\/www.amyhorvey.com\/wp-content\/uploads\/2017\/06\/AH-2_web.jpg?resize=1024%2C686&#038;ssl=1\" alt=\"\" width=\"1024\" height=\"686\" srcset=\"https:\/\/i0.wp.com\/www.amyhorvey.com\/wp-content\/uploads\/2017\/06\/AH-2_web.jpg?resize=1024%2C686&amp;ssl=1 1024w, https:\/\/i0.wp.com\/www.amyhorvey.com\/wp-content\/uploads\/2017\/06\/AH-2_web.jpg?resize=300%2C201&amp;ssl=1 300w, https:\/\/i0.wp.com\/www.amyhorvey.com\/wp-content\/uploads\/2017\/06\/AH-2_web.jpg?resize=768%2C515&amp;ssl=1 768w, https:\/\/i0.wp.com\/www.amyhorvey.com\/wp-content\/uploads\/2017\/06\/AH-2_web.jpg?w=1500&amp;ssl=1 1500w\" sizes=\"auto, (max-width: 1024px) 100vw, 1024px\" \/><\/p>\n<p>Amy Horvey est une cr\u00e9atrice\/interpr\u00e8te montr\u00e9alaise de musique nouvelle et exp\u00e9rimentale, interpr\u00e8te de musique orchestrale moderne et chercheuse en trompette baroque. Elle a \u00e9t\u00e9 lou\u00e9e pour son \u00ab\u00a0savoir-faire remarquablement \u00e9minent, son timbre une chose de beaut\u00e9 \u2013 contr\u00f4le et mod\u00e9ration m\u00e9lang\u00e9s \u00e0 une intensit\u00e9 \u00e9loquente.\u00a0\u00bb (Massimo Ricci, Temporary Fault).<\/p>\n<p>Championne de la musique contemporaine canadienne, elle a command\u00e9 des \u0153uvres \u00e0 Cassandra Miller, Nina C. Young, Nicole Liz\u00e9e, Anna H\u00f6stman et Christopher Butterfield, entre autres. Elle a enregistr\u00e9 deux albums solo \u2013\u00a0<i>Interview<\/i>\u00a0et\u00a0<i>Catchment<\/i>. Ses projets solo ont \u00e9t\u00e9 pr\u00e9sent\u00e9s dans des festivals \u00e0 travers le Canada, les Pays-Bas, la Lituanie, l\u2019Italie et les \u00c9tats-Unis. Elle a jou\u00e9 avec la Lucerne Festival Academy, le Nouvel Ensemble Moderne, Arraymusic et d\u2019autres. En tant que directrice invit\u00e9e de l\u2019ensemble montr\u00e9alais Novarumori, elle a dirig\u00e9\u00a0<i>Still Listening : a Tribute to Pauline Oliveros<\/i>\u00a0au Festival Suoni per Popolo de 2017. Elle est membre fondatrice du\u00a0<i><a href=\"https:\/\/canadianwomensbrasscollective.com\/\" target=\"_blank\" rel=\"noopener\">Canadian Women\u2019s Brass Collective<\/a>.<\/i>.<\/p>\n<p class=\"p1\">Sur la sc\u00e8ne orchestrale, Amy s&#8217;est produite comme soliste avec l&#8217;Orchestre du Centre national des Arts et l&#8217;Orchestre symphonique de Montr\u00e9al. Elle a jou\u00e9 pendant de nombreuses ann\u00e9es dans les sections de trompettes de ces deux orchestres et a effectu\u00e9 des tourn\u00e9es en Europe, en Asie, en Am\u00e9rique du Sud, au Mexique et aux \u00c9tats-Unis. \u00c0 l&#8217;automne 2022 et au printemps 2023, elle est trompette solo par int\u00e9rim de la Compagnie d&#8217;op\u00e9ra canadienne (COC) \u00e0 Toronto. Elle a travaill\u00e9 avec plusieurs des plus grands chefs d&#8217;orchestre du monde, y compris Pierre Boulez, Zubin Mehta et Roger Norrington.<\/p>\n<p>Sa recherche et son exp\u00e9rimentation avec les instruments anciens ont donn\u00e9 lieu \u00e0 des performances avec l\u2019Orchestre Baroque Arion, l\u2019Ensemble Caprice, le Studio de musique ancienne de Montr\u00e9al et Les Violons du Roy. Ses interpr\u00e9tations peuvent \u00eatre entendues sur l\u2019album nomin\u00e9 aux Junos\u00a0<i>Bach: Magnificat BWV 243<\/i>\u00a0(Atma Classique) de l\u2019Orchestre Baroque Arion ainsi que sur de nombreux enregistrements de l\u2019OSM.<\/p>\n<p>Amy a re\u00e7u une bourse du CRSH pour compl\u00e9ter son doctorat en musique de l\u2019\u00c9cole de musique Schulich de l\u2019Universit\u00e9 McGill. Elle a enseign\u00e9 la trompette \u00e0 de nombreuses institutions, dont les universit\u00e9s McGill, Concordia et Lakehead. Ses projets solos ont \u00e9t\u00e9 soutenus par la Chaire Jeune Artiste Richard Li du Centre national des Arts, le Conseil des Arts du Canada, le Conseil des arts de la Saskatchewan et le Conseil des arts et des lettres du Qu\u00e9bec.<\/p>\n\n\n<div class=\"wp-block-buttons is-layout-flex wp-block-buttons-is-layout-flex\">\n<div class=\"wp-block-button\"><a class=\"wp-block-button__link wp-element-button\" href=\"https:\/\/www.amyhorvey.com\/wp-content\/uploads\/2023\/02\/Amy-Horvey-BIO-FRENCH-Updated-Feb-2023.pdf\" target=\"_blank\" rel=\"noreferrer noopener\">T\u00e9l\u00e9chargez sa bio<\/a><\/div>\n<\/div>\n","protected":false},"excerpt":{"rendered":"<p>Amy Horvey Amy Horvey est une cr\u00e9atrice\/interpr\u00e8te montr\u00e9alaise de musique nouvelle et exp\u00e9rimentale, interpr\u00e8te de musique orchestrale moderne et chercheuse en trompette baroque. Elle a \u00e9t\u00e9 lou\u00e9e pour son \u00ab\u00a0savoir-faire remarquablement \u00e9minent, son timbre une chose de beaut\u00e9 \u2013 contr\u00f4le et mod\u00e9ration m\u00e9lang\u00e9s \u00e0 une [&hellip;]<\/p>\n","protected":false},"author":1,"featured_media":357,"parent":0,"menu_order":0,"comment_status":"closed","ping_status":"closed","template":"page-templates\/full-width.php","meta":{"nf_dc_page":"","om_disable_all_campaigns":false,"jetpack_post_was_ever_published":false,"footnotes":""},"class_list":["post-410","page","type-page","status-publish","has-post-thumbnail","hentry"],"yoast_head":"<!-- This site is optimized with the Yoast SEO plugin v27.4 - https:\/\/yoast.com\/product\/yoast-seo-wordpress\/ -->\n<title>Amy Horvey<\/title>\n<meta name=\"description\" content=\"Amy Horvey is a Montreal-based creator\/interpreter of new and experimental music, a performer of modern orchestral music, and a researcher of the baroque trumpet.\" \/>\n<meta name=\"robots\" content=\"index, follow, max-snippet:-1, max-image-preview:large, max-video-preview:-1\" \/>\n<link rel=\"canonical\" href=\"https:\/\/www.amyhorvey.com\/fr\/\" \/>\n<meta property=\"og:locale\" content=\"fr_FR\" \/>\n<meta property=\"og:type\" content=\"article\" \/>\n<meta property=\"og:title\" content=\"Amy Horvey\" \/>\n<meta property=\"og:description\" content=\"Amy Horvey is inspired to wear many hats as a 21st century trumpet player. She is active as a creator\/interpreter of new and experimental music, as a performer of modern orchestral music, and as a researcher of the baroque trumpet.\" \/>\n<meta property=\"og:url\" content=\"https:\/\/www.amyhorvey.com\/fr\/\" \/>\n<meta property=\"og:site_name\" content=\"Amy Horvey\" \/>\n<meta property=\"article:modified_time\" content=\"2023-02-21T19:48:27+00:00\" \/>\n<meta property=\"og:image\" content=\"https:\/\/www.amyhorvey.com\/wp-content\/uploads\/2017\/06\/AH-1_web.jpg\" \/>\n\t<meta property=\"og:image:width\" content=\"1500\" \/>\n\t<meta property=\"og:image:height\" content=\"1000\" \/>\n\t<meta property=\"og:image:type\" content=\"image\/jpeg\" \/>\n<meta name=\"twitter:card\" content=\"summary_large_image\" \/>\n<meta name=\"twitter:title\" content=\"Amy Horvey\" \/>\n<meta name=\"twitter:description\" content=\"Amy Horvey is inspired to wear many hats as a 21st century trumpet player. She is active as a creator\/interpreter of new and experimental music, as a performer of modern orchestral music, and as a researcher of the baroque trumpet.\" \/>\n<meta name=\"twitter:image\" content=\"https:\/\/www.amyhorvey.com\/wp-content\/uploads\/2017\/06\/AH-1_web.jpg\" \/>\n<meta name=\"twitter:label1\" content=\"Dur\u00e9e de lecture estim\u00e9e\" \/>\n\t<meta name=\"twitter:data1\" content=\"2 minutes\" \/>\n<script type=\"application\/ld+json\" class=\"yoast-schema-graph\">{\"@context\":\"https:\\\/\\\/schema.org\",\"@graph\":[{\"@type\":\"WebPage\",\"@id\":\"https:\\\/\\\/www.amyhorvey.com\\\/fr\\\/\",\"url\":\"https:\\\/\\\/www.amyhorvey.com\\\/fr\\\/\",\"name\":\"Amy Horvey\",\"isPartOf\":{\"@id\":\"https:\\\/\\\/www.amyhorvey.com\\\/fr\\\/#website\"},\"primaryImageOfPage\":{\"@id\":\"https:\\\/\\\/www.amyhorvey.com\\\/fr\\\/#primaryimage\"},\"image\":{\"@id\":\"https:\\\/\\\/www.amyhorvey.com\\\/fr\\\/#primaryimage\"},\"thumbnailUrl\":\"https:\\\/\\\/i0.wp.com\\\/www.amyhorvey.com\\\/wp-content\\\/uploads\\\/2017\\\/06\\\/AH-1_web.jpg?fit=1500%2C1000&ssl=1\",\"datePublished\":\"2017-06-02T15:32:34+00:00\",\"dateModified\":\"2023-02-21T19:48:27+00:00\",\"description\":\"Amy Horvey is a Montreal-based creator\\\/interpreter of new and experimental music, a performer of modern orchestral music, and a researcher of the baroque trumpet.\",\"breadcrumb\":{\"@id\":\"https:\\\/\\\/www.amyhorvey.com\\\/fr\\\/#breadcrumb\"},\"inLanguage\":\"fr-FR\",\"potentialAction\":[{\"@type\":\"ReadAction\",\"target\":[\"https:\\\/\\\/www.amyhorvey.com\\\/fr\\\/\"]}]},{\"@type\":\"ImageObject\",\"inLanguage\":\"fr-FR\",\"@id\":\"https:\\\/\\\/www.amyhorvey.com\\\/fr\\\/#primaryimage\",\"url\":\"https:\\\/\\\/i0.wp.com\\\/www.amyhorvey.com\\\/wp-content\\\/uploads\\\/2017\\\/06\\\/AH-1_web.jpg?fit=1500%2C1000&ssl=1\",\"contentUrl\":\"https:\\\/\\\/i0.wp.com\\\/www.amyhorvey.com\\\/wp-content\\\/uploads\\\/2017\\\/06\\\/AH-1_web.jpg?fit=1500%2C1000&ssl=1\",\"width\":1500,\"height\":1000},{\"@type\":\"BreadcrumbList\",\"@id\":\"https:\\\/\\\/www.amyhorvey.com\\\/fr\\\/#breadcrumb\",\"itemListElement\":[{\"@type\":\"ListItem\",\"position\":1,\"name\":\"Home\",\"item\":\"https:\\\/\\\/www.amyhorvey.com\\\/fr\\\/\"},{\"@type\":\"ListItem\",\"position\":2,\"name\":\"Accueil\"}]},{\"@type\":\"WebSite\",\"@id\":\"https:\\\/\\\/www.amyhorvey.com\\\/fr\\\/#website\",\"url\":\"https:\\\/\\\/www.amyhorvey.com\\\/fr\\\/\",\"name\":\"Amy Horvey\",\"description\":\"Trumpetist \\\/\u00a0Conductor \\\/\u00a0Composer\",\"potentialAction\":[{\"@type\":\"SearchAction\",\"target\":{\"@type\":\"EntryPoint\",\"urlTemplate\":\"https:\\\/\\\/www.amyhorvey.com\\\/fr\\\/?s={search_term_string}\"},\"query-input\":{\"@type\":\"PropertyValueSpecification\",\"valueRequired\":true,\"valueName\":\"search_term_string\"}}],\"inLanguage\":\"fr-FR\"}]}<\/script>\n<!-- \/ Yoast SEO plugin. -->","yoast_head_json":{"title":"Amy Horvey","description":"Amy Horvey is a Montreal-based creator\/interpreter of new and experimental music, a performer of modern orchestral music, and a researcher of the baroque trumpet.","robots":{"index":"index","follow":"follow","max-snippet":"max-snippet:-1","max-image-preview":"max-image-preview:large","max-video-preview":"max-video-preview:-1"},"canonical":"https:\/\/www.amyhorvey.com\/fr\/","og_locale":"fr_FR","og_type":"article","og_title":"Amy Horvey","og_description":"Amy Horvey is inspired to wear many hats as a 21st century trumpet player. She is active as a creator\/interpreter of new and experimental music, as a performer of modern orchestral music, and as a researcher of the baroque trumpet.","og_url":"https:\/\/www.amyhorvey.com\/fr\/","og_site_name":"Amy Horvey","article_modified_time":"2023-02-21T19:48:27+00:00","og_image":[{"width":1500,"height":1000,"url":"https:\/\/www.amyhorvey.com\/wp-content\/uploads\/2017\/06\/AH-1_web.jpg","type":"image\/jpeg"}],"twitter_card":"summary_large_image","twitter_title":"Amy Horvey","twitter_description":"Amy Horvey is inspired to wear many hats as a 21st century trumpet player. She is active as a creator\/interpreter of new and experimental music, as a performer of modern orchestral music, and as a researcher of the baroque trumpet.","twitter_image":"https:\/\/www.amyhorvey.com\/wp-content\/uploads\/2017\/06\/AH-1_web.jpg","twitter_misc":{"Dur\u00e9e de lecture estim\u00e9e":"2 minutes"},"schema":{"@context":"https:\/\/schema.org","@graph":[{"@type":"WebPage","@id":"https:\/\/www.amyhorvey.com\/fr\/","url":"https:\/\/www.amyhorvey.com\/fr\/","name":"Amy Horvey","isPartOf":{"@id":"https:\/\/www.amyhorvey.com\/fr\/#website"},"primaryImageOfPage":{"@id":"https:\/\/www.amyhorvey.com\/fr\/#primaryimage"},"image":{"@id":"https:\/\/www.amyhorvey.com\/fr\/#primaryimage"},"thumbnailUrl":"https:\/\/i0.wp.com\/www.amyhorvey.com\/wp-content\/uploads\/2017\/06\/AH-1_web.jpg?fit=1500%2C1000&ssl=1","datePublished":"2017-06-02T15:32:34+00:00","dateModified":"2023-02-21T19:48:27+00:00","description":"Amy Horvey is a Montreal-based creator\/interpreter of new and experimental music, a performer of modern orchestral music, and a researcher of the baroque trumpet.","breadcrumb":{"@id":"https:\/\/www.amyhorvey.com\/fr\/#breadcrumb"},"inLanguage":"fr-FR","potentialAction":[{"@type":"ReadAction","target":["https:\/\/www.amyhorvey.com\/fr\/"]}]},{"@type":"ImageObject","inLanguage":"fr-FR","@id":"https:\/\/www.amyhorvey.com\/fr\/#primaryimage","url":"https:\/\/i0.wp.com\/www.amyhorvey.com\/wp-content\/uploads\/2017\/06\/AH-1_web.jpg?fit=1500%2C1000&ssl=1","contentUrl":"https:\/\/i0.wp.com\/www.amyhorvey.com\/wp-content\/uploads\/2017\/06\/AH-1_web.jpg?fit=1500%2C1000&ssl=1","width":1500,"height":1000},{"@type":"BreadcrumbList","@id":"https:\/\/www.amyhorvey.com\/fr\/#breadcrumb","itemListElement":[{"@type":"ListItem","position":1,"name":"Home","item":"https:\/\/www.amyhorvey.com\/fr\/"},{"@type":"ListItem","position":2,"name":"Accueil"}]},{"@type":"WebSite","@id":"https:\/\/www.amyhorvey.com\/fr\/#website","url":"https:\/\/www.amyhorvey.com\/fr\/","name":"Amy Horvey","description":"Trumpetist \/\u00a0Conductor \/\u00a0Composer","potentialAction":[{"@type":"SearchAction","target":{"@type":"EntryPoint","urlTemplate":"https:\/\/www.amyhorvey.com\/fr\/?s={search_term_string}"},"query-input":{"@type":"PropertyValueSpecification","valueRequired":true,"valueName":"search_term_string"}}],"inLanguage":"fr-FR"}]}},"jetpack_sharing_enabled":true,"jetpack_shortlink":"https:\/\/wp.me\/P8NKWf-6C","jetpack-related-posts":[],"_links":{"self":[{"href":"https:\/\/www.amyhorvey.com\/fr\/wp-json\/wp\/v2\/pages\/410","targetHints":{"allow":["GET"]}}],"collection":[{"href":"https:\/\/www.amyhorvey.com\/fr\/wp-json\/wp\/v2\/pages"}],"about":[{"href":"https:\/\/www.amyhorvey.com\/fr\/wp-json\/wp\/v2\/types\/page"}],"author":[{"embeddable":true,"href":"https:\/\/www.amyhorvey.com\/fr\/wp-json\/wp\/v2\/users\/1"}],"replies":[{"embeddable":true,"href":"https:\/\/www.amyhorvey.com\/fr\/wp-json\/wp\/v2\/comments?post=410"}],"version-history":[{"count":4,"href":"https:\/\/www.amyhorvey.com\/fr\/wp-json\/wp\/v2\/pages\/410\/revisions"}],"predecessor-version":[{"id":463,"href":"https:\/\/www.amyhorvey.com\/fr\/wp-json\/wp\/v2\/pages\/410\/revisions\/463"}],"wp:featuredmedia":[{"embeddable":true,"href":"https:\/\/www.amyhorvey.com\/fr\/wp-json\/wp\/v2\/media\/357"}],"wp:attachment":[{"href":"https:\/\/www.amyhorvey.com\/fr\/wp-json\/wp\/v2\/media?parent=410"}],"curies":[{"name":"wp","href":"https:\/\/api.w.org\/{rel}","templated":true}]}}