{"id":415,"date":"2021-09-29T18:02:42","date_gmt":"2021-09-29T18:02:42","guid":{"rendered":"https:\/\/www.amyhorvey.com\/see-listen\/"},"modified":"2021-11-08T23:03:58","modified_gmt":"2021-11-08T23:03:58","slug":"see-listen","status":"publish","type":"page","link":"https:\/\/www.amyhorvey.com\/fr\/see-listen\/","title":{"rendered":"Audio \/ Visuel"},"content":{"rendered":"\n<p>\u00c9coutez <em>Catchment:<\/em><\/p>\n\n\n\n<iframe style=\"border: 0; width: 100%; height: 130px;\" src=\"https:\/\/bandcamp.com\/EmbeddedPlayer\/album=1534148503\/size=large\/bgcol=ffffff\/linkcol=0687f5\/tracklist=false\/artwork=small\/transparent=true\/\" seamless=\"\"><a href=\"https:\/\/amyhorvey.bandcamp.com\/album\/catchment\">Catchment by Amy Horvey<\/a><\/iframe>\n\n\n\n<p>\u00c9coutez <em>Interview:<\/em><\/p>\n\n\n\n<figure class=\"wp-block-embed is-type-rich is-provider-spotify wp-block-embed-spotify wp-embed-aspect-21-9 wp-has-aspect-ratio\"><div class=\"wp-block-embed__wrapper\">\n<iframe loading=\"lazy\" title=\"Spotify Embed: Interview\" width=\"100%\" height=\"380\" frameborder=\"0\" allowfullscreen allow=\"autoplay; clipboard-write; encrypted-media; fullscreen; picture-in-picture\" src=\"https:\/\/open.spotify.com\/embed\/album\/4owmiUmEBKh4RCE8Xvcozl?utm_source=oembed\"><\/iframe>\n<\/div><\/figure>\n\n\n\n<p>\u00c9coutez <em>Mille Bayous<\/em>:<\/p>\n\n\n\n<div class=\"wp-block-buttons is-layout-flex wp-block-buttons-is-layout-flex\">\n<div class=\"wp-block-button\"><a class=\"wp-block-button__link\" href=\"https:\/\/archive.org\/embed\/pan055\" target=\"_blank\" rel=\"noreferrer noopener\">Lien vers l&#8217;album au complet<\/a><\/div>\n<\/div>\n\n\n\n<figure class=\"wp-block-embed is-type-video is-provider-vimeo wp-block-embed-vimeo wp-embed-aspect-16-9 wp-has-aspect-ratio\"><div class=\"wp-block-embed__wrapper\">\n<iframe loading=\"lazy\" title=\"Nicole Liz&amp;eacute;e - Sasktronica\" src=\"https:\/\/player.vimeo.com\/video\/307546633?h=556a320c47&amp;dnt=1&amp;app_id=122963\" width=\"1305\" height=\"734\" frameborder=\"0\" allow=\"autoplay; fullscreen; picture-in-picture\" allowfullscreen><\/iframe>\n<\/div><\/figure>\n\n\n\n<div class=\"wp-block-columns is-layout-flex wp-container-core-columns-is-layout-9d6595d7 wp-block-columns-is-layout-flex\">\n<div class=\"wp-block-column is-layout-flow wp-block-column-is-layout-flow\">\n<figure class=\"wp-block-image size-large\"><img data-recalc-dims=\"1\" decoding=\"async\" width=\"1024\" height=\"683\" data-attachment-id=\"384\" data-permalink=\"https:\/\/www.amyhorvey.com\/fr\/see-listen\/amy-horvey-4-nic-hyatt-web-2\/\" data-orig-file=\"https:\/\/i0.wp.com\/www.amyhorvey.com\/wp-content\/uploads\/2021\/10\/Amy-Horvey-4-Nic-Hyatt-web.jpg?fit=1200%2C800&amp;ssl=1\" data-orig-size=\"1200,800\" data-comments-opened=\"0\" data-image-meta=\"{&quot;aperture&quot;:&quot;0&quot;,&quot;credit&quot;:&quot;&quot;,&quot;camera&quot;:&quot;&quot;,&quot;caption&quot;:&quot;&quot;,&quot;created_timestamp&quot;:&quot;0&quot;,&quot;copyright&quot;:&quot;&quot;,&quot;focal_length&quot;:&quot;0&quot;,&quot;iso&quot;:&quot;0&quot;,&quot;shutter_speed&quot;:&quot;0&quot;,&quot;title&quot;:&quot;&quot;,&quot;orientation&quot;:&quot;1&quot;}\" data-image-title=\"Amy-Horvey-4-Nic-Hyatt-web\" data-image-description=\"\" data-image-caption=\"\" data-large-file=\"https:\/\/i0.wp.com\/www.amyhorvey.com\/wp-content\/uploads\/2021\/10\/Amy-Horvey-4-Nic-Hyatt-web.jpg?fit=1024%2C683&amp;ssl=1\" loading=\"lazy\" src=\"https:\/\/i0.wp.com\/www.amyhorvey.com\/wp-content\/uploads\/2021\/10\/Amy-Horvey-4-Nic-Hyatt-web.jpg?resize=1024%2C683&#038;ssl=1\" alt=\"\" class=\"wp-image-384\" srcset=\"https:\/\/i0.wp.com\/www.amyhorvey.com\/wp-content\/uploads\/2021\/10\/Amy-Horvey-4-Nic-Hyatt-web.jpg?resize=1024%2C683&amp;ssl=1 1024w, https:\/\/i0.wp.com\/www.amyhorvey.com\/wp-content\/uploads\/2021\/10\/Amy-Horvey-4-Nic-Hyatt-web.jpg?resize=300%2C200&amp;ssl=1 300w, https:\/\/i0.wp.com\/www.amyhorvey.com\/wp-content\/uploads\/2021\/10\/Amy-Horvey-4-Nic-Hyatt-web.jpg?resize=768%2C512&amp;ssl=1 768w, https:\/\/i0.wp.com\/www.amyhorvey.com\/wp-content\/uploads\/2021\/10\/Amy-Horvey-4-Nic-Hyatt-web.jpg?w=1200&amp;ssl=1 1200w\" sizes=\"auto, (max-width: 1024px) 100vw, 1024px\" \/><figcaption><a href=\"https:\/\/www.amyhorvey.com\/wp-content\/uploads\/2021\/10\/Amy-Horvey-4-Nic-Hyatt-HR.jpeg\" target=\"_blank\" rel=\"noreferrer noopener\">T\u00e9l\u00e9chargez la photo en haute r\u00e9solution.<\/a><\/figcaption><\/figure>\n<\/div>\n\n\n\n<div class=\"wp-block-column is-layout-flow wp-block-column-is-layout-flow\">\n<figure class=\"wp-block-image size-large\"><img data-recalc-dims=\"1\" decoding=\"async\" width=\"1024\" height=\"683\" data-attachment-id=\"385\" data-permalink=\"https:\/\/www.amyhorvey.com\/fr\/see-listen\/amy-horvey-2-nic-hyatt-web-2\/\" data-orig-file=\"https:\/\/i0.wp.com\/www.amyhorvey.com\/wp-content\/uploads\/2021\/10\/Amy-Horvey-2-Nic-Hyatt-web.jpg?fit=1200%2C800&amp;ssl=1\" data-orig-size=\"1200,800\" data-comments-opened=\"0\" data-image-meta=\"{&quot;aperture&quot;:&quot;0&quot;,&quot;credit&quot;:&quot;&quot;,&quot;camera&quot;:&quot;&quot;,&quot;caption&quot;:&quot;&quot;,&quot;created_timestamp&quot;:&quot;0&quot;,&quot;copyright&quot;:&quot;&quot;,&quot;focal_length&quot;:&quot;0&quot;,&quot;iso&quot;:&quot;0&quot;,&quot;shutter_speed&quot;:&quot;0&quot;,&quot;title&quot;:&quot;&quot;,&quot;orientation&quot;:&quot;1&quot;}\" data-image-title=\"Amy-Horvey-2-Nic-Hyatt-web\" data-image-description=\"\" data-image-caption=\"\" data-large-file=\"https:\/\/i0.wp.com\/www.amyhorvey.com\/wp-content\/uploads\/2021\/10\/Amy-Horvey-2-Nic-Hyatt-web.jpg?fit=1024%2C683&amp;ssl=1\" loading=\"lazy\" src=\"https:\/\/i0.wp.com\/www.amyhorvey.com\/wp-content\/uploads\/2021\/10\/Amy-Horvey-2-Nic-Hyatt-web.jpg?resize=1024%2C683&#038;ssl=1\" alt=\"\" class=\"wp-image-385\" srcset=\"https:\/\/i0.wp.com\/www.amyhorvey.com\/wp-content\/uploads\/2021\/10\/Amy-Horvey-2-Nic-Hyatt-web.jpg?resize=1024%2C683&amp;ssl=1 1024w, https:\/\/i0.wp.com\/www.amyhorvey.com\/wp-content\/uploads\/2021\/10\/Amy-Horvey-2-Nic-Hyatt-web.jpg?resize=300%2C200&amp;ssl=1 300w, https:\/\/i0.wp.com\/www.amyhorvey.com\/wp-content\/uploads\/2021\/10\/Amy-Horvey-2-Nic-Hyatt-web.jpg?resize=768%2C512&amp;ssl=1 768w, https:\/\/i0.wp.com\/www.amyhorvey.com\/wp-content\/uploads\/2021\/10\/Amy-Horvey-2-Nic-Hyatt-web.jpg?w=1200&amp;ssl=1 1200w\" sizes=\"auto, (max-width: 1024px) 100vw, 1024px\" \/><figcaption><a href=\"https:\/\/www.amyhorvey.com\/wp-content\/uploads\/2021\/10\/Amy-Horvey-2-Nic-Hyatt-HiRes-2.jpg\" target=\"_blank\" rel=\"noreferrer noopener\">T\u00e9l\u00e9chargez la photo en haute r\u00e9solution.<\/a><\/figcaption><\/figure>\n<\/div>\n<\/div>\n\n\n\n<div class=\"wp-block-columns is-layout-flex wp-container-core-columns-is-layout-9d6595d7 wp-block-columns-is-layout-flex\"><\/div>\n\n\n\n<div class=\"wp-block-columns is-layout-flex wp-container-core-columns-is-layout-9d6595d7 wp-block-columns-is-layout-flex\">\n<div class=\"wp-block-column is-layout-flow wp-block-column-is-layout-flow\">\n<figure class=\"wp-block-image size-large\"><a href=\"https:\/\/i0.wp.com\/www.amyhorvey.com\/wp-content\/uploads\/2021\/10\/Amy-Horvey-3-Nic-Hyatt-HiRes-1.jpg?ssl=1\" target=\"_blank\" rel=\"noopener\"><img data-recalc-dims=\"1\" decoding=\"async\" width=\"1024\" height=\"683\" data-attachment-id=\"386\" data-permalink=\"https:\/\/www.amyhorvey.com\/fr\/see-listen\/amy-horvey-3-nic-hyatt-web-2\/\" data-orig-file=\"https:\/\/i0.wp.com\/www.amyhorvey.com\/wp-content\/uploads\/2021\/10\/Amy-Horvey-3-Nic-Hyatt-web.jpg?fit=1200%2C800&amp;ssl=1\" data-orig-size=\"1200,800\" data-comments-opened=\"0\" data-image-meta=\"{&quot;aperture&quot;:&quot;2&quot;,&quot;credit&quot;:&quot;&quot;,&quot;camera&quot;:&quot;X100S&quot;,&quot;caption&quot;:&quot;&quot;,&quot;created_timestamp&quot;:&quot;1484673533&quot;,&quot;copyright&quot;:&quot;&quot;,&quot;focal_length&quot;:&quot;23&quot;,&quot;iso&quot;:&quot;400&quot;,&quot;shutter_speed&quot;:&quot;0.0125&quot;,&quot;title&quot;:&quot;&quot;,&quot;orientation&quot;:&quot;1&quot;}\" data-image-title=\"Amy-Horvey-3-Nic-Hyatt-web\" data-image-description=\"\" data-image-caption=\"\" data-large-file=\"https:\/\/i0.wp.com\/www.amyhorvey.com\/wp-content\/uploads\/2021\/10\/Amy-Horvey-3-Nic-Hyatt-web.jpg?fit=1024%2C683&amp;ssl=1\" loading=\"lazy\" src=\"https:\/\/i0.wp.com\/www.amyhorvey.com\/wp-content\/uploads\/2021\/10\/Amy-Horvey-3-Nic-Hyatt-web.jpg?resize=1024%2C683&#038;ssl=1\" alt=\"\" class=\"wp-image-386\" srcset=\"https:\/\/i0.wp.com\/www.amyhorvey.com\/wp-content\/uploads\/2021\/10\/Amy-Horvey-3-Nic-Hyatt-web.jpg?resize=1024%2C683&amp;ssl=1 1024w, https:\/\/i0.wp.com\/www.amyhorvey.com\/wp-content\/uploads\/2021\/10\/Amy-Horvey-3-Nic-Hyatt-web.jpg?resize=300%2C200&amp;ssl=1 300w, https:\/\/i0.wp.com\/www.amyhorvey.com\/wp-content\/uploads\/2021\/10\/Amy-Horvey-3-Nic-Hyatt-web.jpg?resize=768%2C512&amp;ssl=1 768w, https:\/\/i0.wp.com\/www.amyhorvey.com\/wp-content\/uploads\/2021\/10\/Amy-Horvey-3-Nic-Hyatt-web.jpg?w=1200&amp;ssl=1 1200w\" sizes=\"auto, (max-width: 1024px) 100vw, 1024px\" \/><\/a><figcaption><a href=\"https:\/\/www.amyhorvey.com\/wp-content\/uploads\/2021\/10\/Amy-Horvey-3-Nic-Hyatt-HiRes-1.jpg\" target=\"_blank\" rel=\"noreferrer noopener\">T\u00e9l\u00e9chargez la photo en haute r\u00e9solution.<\/a><\/figcaption><\/figure>\n<\/div>\n\n\n\n<div class=\"wp-block-column is-layout-flow wp-block-column-is-layout-flow\">\n<figure class=\"wp-block-image size-large\"><img data-recalc-dims=\"1\" decoding=\"async\" width=\"1024\" height=\"683\" data-attachment-id=\"387\" data-permalink=\"https:\/\/www.amyhorvey.com\/fr\/see-listen\/amy-horvey-5-nic-hyatt-web-2\/\" data-orig-file=\"https:\/\/i0.wp.com\/www.amyhorvey.com\/wp-content\/uploads\/2021\/10\/Amy-Horvey-5-Nic-Hyatt-web.jpg?fit=1200%2C800&amp;ssl=1\" data-orig-size=\"1200,800\" data-comments-opened=\"0\" data-image-meta=\"{&quot;aperture&quot;:&quot;2&quot;,&quot;credit&quot;:&quot;&quot;,&quot;camera&quot;:&quot;X100S&quot;,&quot;caption&quot;:&quot;&quot;,&quot;created_timestamp&quot;:&quot;1486569275&quot;,&quot;copyright&quot;:&quot;&quot;,&quot;focal_length&quot;:&quot;23&quot;,&quot;iso&quot;:&quot;640&quot;,&quot;shutter_speed&quot;:&quot;0.008&quot;,&quot;title&quot;:&quot;&quot;,&quot;orientation&quot;:&quot;1&quot;}\" data-image-title=\"Amy-Horvey-5-Nic-Hyatt-web\" data-image-description=\"\" data-image-caption=\"\" data-large-file=\"https:\/\/i0.wp.com\/www.amyhorvey.com\/wp-content\/uploads\/2021\/10\/Amy-Horvey-5-Nic-Hyatt-web.jpg?fit=1024%2C683&amp;ssl=1\" loading=\"lazy\" src=\"https:\/\/i0.wp.com\/www.amyhorvey.com\/wp-content\/uploads\/2021\/10\/Amy-Horvey-5-Nic-Hyatt-web.jpg?resize=1024%2C683&#038;ssl=1\" alt=\"\" class=\"wp-image-387\" srcset=\"https:\/\/i0.wp.com\/www.amyhorvey.com\/wp-content\/uploads\/2021\/10\/Amy-Horvey-5-Nic-Hyatt-web.jpg?resize=1024%2C683&amp;ssl=1 1024w, https:\/\/i0.wp.com\/www.amyhorvey.com\/wp-content\/uploads\/2021\/10\/Amy-Horvey-5-Nic-Hyatt-web.jpg?resize=300%2C200&amp;ssl=1 300w, https:\/\/i0.wp.com\/www.amyhorvey.com\/wp-content\/uploads\/2021\/10\/Amy-Horvey-5-Nic-Hyatt-web.jpg?resize=768%2C512&amp;ssl=1 768w, https:\/\/i0.wp.com\/www.amyhorvey.com\/wp-content\/uploads\/2021\/10\/Amy-Horvey-5-Nic-Hyatt-web.jpg?w=1200&amp;ssl=1 1200w\" sizes=\"auto, (max-width: 1024px) 100vw, 1024px\" \/><figcaption><a href=\"https:\/\/www.amyhorvey.com\/wp-content\/uploads\/2021\/10\/Amy-Horvey-5-Nic-Hyatt-HR.jpg\" target=\"_blank\" rel=\"noreferrer noopener\">T\u00e9l\u00e9chargez la photo en haute r\u00e9solution.<\/a><\/figcaption><\/figure>\n<\/div>\n<\/div>\n\n\n\n<div class=\"wp-block-columns is-layout-flex wp-container-core-columns-is-layout-9d6595d7 wp-block-columns-is-layout-flex\">\n<div class=\"wp-block-column is-layout-flow wp-block-column-is-layout-flow\">\n<figure class=\"wp-block-image size-large\"><img data-recalc-dims=\"1\" decoding=\"async\" width=\"1024\" height=\"683\" data-attachment-id=\"388\" data-permalink=\"https:\/\/www.amyhorvey.com\/fr\/see-listen\/amy-horvey-6-nic-hyatt-web-2\/\" data-orig-file=\"https:\/\/i0.wp.com\/www.amyhorvey.com\/wp-content\/uploads\/2021\/10\/Amy-Horvey-6-Nic-Hyatt-Web.jpg?fit=1200%2C800&amp;ssl=1\" data-orig-size=\"1200,800\" data-comments-opened=\"0\" data-image-meta=\"{&quot;aperture&quot;:&quot;0&quot;,&quot;credit&quot;:&quot;&quot;,&quot;camera&quot;:&quot;&quot;,&quot;caption&quot;:&quot;&quot;,&quot;created_timestamp&quot;:&quot;0&quot;,&quot;copyright&quot;:&quot;&quot;,&quot;focal_length&quot;:&quot;0&quot;,&quot;iso&quot;:&quot;0&quot;,&quot;shutter_speed&quot;:&quot;0&quot;,&quot;title&quot;:&quot;&quot;,&quot;orientation&quot;:&quot;1&quot;}\" data-image-title=\"Amy-Horvey-6-Nic-Hyatt-Web\" data-image-description=\"\" data-image-caption=\"\" data-large-file=\"https:\/\/i0.wp.com\/www.amyhorvey.com\/wp-content\/uploads\/2021\/10\/Amy-Horvey-6-Nic-Hyatt-Web.jpg?fit=1024%2C683&amp;ssl=1\" loading=\"lazy\" src=\"https:\/\/i0.wp.com\/www.amyhorvey.com\/wp-content\/uploads\/2021\/10\/Amy-Horvey-6-Nic-Hyatt-Web.jpg?resize=1024%2C683&#038;ssl=1\" alt=\"\" class=\"wp-image-388\" srcset=\"https:\/\/i0.wp.com\/www.amyhorvey.com\/wp-content\/uploads\/2021\/10\/Amy-Horvey-6-Nic-Hyatt-Web.jpg?resize=1024%2C683&amp;ssl=1 1024w, https:\/\/i0.wp.com\/www.amyhorvey.com\/wp-content\/uploads\/2021\/10\/Amy-Horvey-6-Nic-Hyatt-Web.jpg?resize=300%2C200&amp;ssl=1 300w, https:\/\/i0.wp.com\/www.amyhorvey.com\/wp-content\/uploads\/2021\/10\/Amy-Horvey-6-Nic-Hyatt-Web.jpg?resize=768%2C512&amp;ssl=1 768w, https:\/\/i0.wp.com\/www.amyhorvey.com\/wp-content\/uploads\/2021\/10\/Amy-Horvey-6-Nic-Hyatt-Web.jpg?w=1200&amp;ssl=1 1200w\" sizes=\"auto, (max-width: 1024px) 100vw, 1024px\" \/><\/figure>\n<\/div>\n\n\n\n<div class=\"wp-block-column is-layout-flow wp-block-column-is-layout-flow\">\n<figure class=\"wp-block-image size-large\"><img data-recalc-dims=\"1\" decoding=\"async\" width=\"1024\" height=\"683\" data-attachment-id=\"389\" data-permalink=\"https:\/\/www.amyhorvey.com\/fr\/see-listen\/amy-horvey-1-nic-hyatt-web-2\/\" data-orig-file=\"https:\/\/i0.wp.com\/www.amyhorvey.com\/wp-content\/uploads\/2021\/10\/Amy-Horvey-1-Nic-Hyatt-web.jpg?fit=1200%2C800&amp;ssl=1\" data-orig-size=\"1200,800\" data-comments-opened=\"0\" data-image-meta=\"{&quot;aperture&quot;:&quot;0&quot;,&quot;credit&quot;:&quot;&quot;,&quot;camera&quot;:&quot;&quot;,&quot;caption&quot;:&quot;&quot;,&quot;created_timestamp&quot;:&quot;0&quot;,&quot;copyright&quot;:&quot;&quot;,&quot;focal_length&quot;:&quot;0&quot;,&quot;iso&quot;:&quot;0&quot;,&quot;shutter_speed&quot;:&quot;0&quot;,&quot;title&quot;:&quot;&quot;,&quot;orientation&quot;:&quot;1&quot;}\" data-image-title=\"Amy-Horvey-1-Nic-Hyatt-web\" data-image-description=\"\" data-image-caption=\"\" data-large-file=\"https:\/\/i0.wp.com\/www.amyhorvey.com\/wp-content\/uploads\/2021\/10\/Amy-Horvey-1-Nic-Hyatt-web.jpg?fit=1024%2C683&amp;ssl=1\" loading=\"lazy\" src=\"https:\/\/i0.wp.com\/www.amyhorvey.com\/wp-content\/uploads\/2021\/10\/Amy-Horvey-1-Nic-Hyatt-web.jpg?resize=1024%2C683&#038;ssl=1\" alt=\"\" class=\"wp-image-389\" srcset=\"https:\/\/i0.wp.com\/www.amyhorvey.com\/wp-content\/uploads\/2021\/10\/Amy-Horvey-1-Nic-Hyatt-web.jpg?resize=1024%2C683&amp;ssl=1 1024w, https:\/\/i0.wp.com\/www.amyhorvey.com\/wp-content\/uploads\/2021\/10\/Amy-Horvey-1-Nic-Hyatt-web.jpg?resize=300%2C200&amp;ssl=1 300w, https:\/\/i0.wp.com\/www.amyhorvey.com\/wp-content\/uploads\/2021\/10\/Amy-Horvey-1-Nic-Hyatt-web.jpg?resize=768%2C512&amp;ssl=1 768w, https:\/\/i0.wp.com\/www.amyhorvey.com\/wp-content\/uploads\/2021\/10\/Amy-Horvey-1-Nic-Hyatt-web.jpg?w=1200&amp;ssl=1 1200w\" sizes=\"auto, (max-width: 1024px) 100vw, 1024px\" \/><figcaption><a href=\"https:\/\/www.amyhorvey.com\/wp-content\/uploads\/2021\/10\/Amy-Horvey-1-Nic-Hyatt-web.jpg\" target=\"_blank\" rel=\"noreferrer noopener\">T\u00e9l\u00e9chargez la photo en haute r\u00e9solution.<\/a> <\/figcaption><\/figure>\n<\/div>\n<\/div>\n\n\n\n<p>Photos par Nicolas Hyatt<\/p>\n","protected":false},"excerpt":{"rendered":"<p>\u00c9coutez Catchment: Catchment by Amy Horvey \u00c9coutez Interview: \u00c9coutez Mille Bayous: Photos par Nicolas Hyatt<\/p>\n","protected":false},"author":1,"featured_media":0,"parent":0,"menu_order":0,"comment_status":"closed","ping_status":"closed","template":"","meta":{"nf_dc_page":"","om_disable_all_campaigns":false,"jetpack_post_was_ever_published":false,"footnotes":""},"class_list":["post-415","page","type-page","status-publish","hentry"],"yoast_head":"<!-- This site is optimized with the Yoast SEO plugin v27.4 - https:\/\/yoast.com\/product\/yoast-seo-wordpress\/ -->\n<title>Audio \/ Visuel - Amy Horvey<\/title>\n<meta name=\"robots\" content=\"index, follow, max-snippet:-1, max-image-preview:large, max-video-preview:-1\" \/>\n<link rel=\"canonical\" href=\"https:\/\/www.amyhorvey.com\/fr\/see-listen\/\" \/>\n<meta property=\"og:locale\" content=\"fr_FR\" \/>\n<meta property=\"og:type\" content=\"article\" \/>\n<meta property=\"og:title\" content=\"Audio \/ Visuel - Amy Horvey\" \/>\n<meta property=\"og:description\" content=\"\u00c9coutez Catchment: Catchment by Amy Horvey \u00c9coutez Interview: \u00c9coutez Mille Bayous: Photos par Nicolas Hyatt\" \/>\n<meta property=\"og:url\" content=\"https:\/\/www.amyhorvey.com\/fr\/see-listen\/\" \/>\n<meta property=\"og:site_name\" content=\"Amy Horvey\" \/>\n<meta property=\"article:modified_time\" content=\"2021-11-08T23:03:58+00:00\" \/>\n<meta property=\"og:image\" content=\"https:\/\/www.amyhorvey.com\/wp-content\/uploads\/2021\/10\/Amy-Horvey-4-Nic-Hyatt-web-1024x683.jpg\" \/>\n<meta name=\"twitter:card\" content=\"summary_large_image\" \/>\n<meta name=\"twitter:label1\" content=\"Dur\u00e9e de lecture estim\u00e9e\" \/>\n\t<meta name=\"twitter:data1\" content=\"2 minutes\" \/>\n<script type=\"application\/ld+json\" class=\"yoast-schema-graph\">{\"@context\":\"https:\\\/\\\/schema.org\",\"@graph\":[{\"@type\":\"WebPage\",\"@id\":\"https:\\\/\\\/www.amyhorvey.com\\\/fr\\\/see-listen\\\/\",\"url\":\"https:\\\/\\\/www.amyhorvey.com\\\/fr\\\/see-listen\\\/\",\"name\":\"Audio \\\/ Visuel - Amy Horvey\",\"isPartOf\":{\"@id\":\"https:\\\/\\\/www.amyhorvey.com\\\/fr\\\/#website\"},\"primaryImageOfPage\":{\"@id\":\"https:\\\/\\\/www.amyhorvey.com\\\/fr\\\/see-listen\\\/#primaryimage\"},\"image\":{\"@id\":\"https:\\\/\\\/www.amyhorvey.com\\\/fr\\\/see-listen\\\/#primaryimage\"},\"thumbnailUrl\":\"https:\\\/\\\/www.amyhorvey.com\\\/wp-content\\\/uploads\\\/2021\\\/10\\\/Amy-Horvey-4-Nic-Hyatt-web-1024x683.jpg\",\"datePublished\":\"2021-09-29T18:02:42+00:00\",\"dateModified\":\"2021-11-08T23:03:58+00:00\",\"breadcrumb\":{\"@id\":\"https:\\\/\\\/www.amyhorvey.com\\\/fr\\\/see-listen\\\/#breadcrumb\"},\"inLanguage\":\"fr-FR\",\"potentialAction\":[{\"@type\":\"ReadAction\",\"target\":[\"https:\\\/\\\/www.amyhorvey.com\\\/fr\\\/see-listen\\\/\"]}]},{\"@type\":\"ImageObject\",\"inLanguage\":\"fr-FR\",\"@id\":\"https:\\\/\\\/www.amyhorvey.com\\\/fr\\\/see-listen\\\/#primaryimage\",\"url\":\"https:\\\/\\\/www.amyhorvey.com\\\/wp-content\\\/uploads\\\/2021\\\/10\\\/Amy-Horvey-4-Nic-Hyatt-web-1024x683.jpg\",\"contentUrl\":\"https:\\\/\\\/www.amyhorvey.com\\\/wp-content\\\/uploads\\\/2021\\\/10\\\/Amy-Horvey-4-Nic-Hyatt-web-1024x683.jpg\"},{\"@type\":\"BreadcrumbList\",\"@id\":\"https:\\\/\\\/www.amyhorvey.com\\\/fr\\\/see-listen\\\/#breadcrumb\",\"itemListElement\":[{\"@type\":\"ListItem\",\"position\":1,\"name\":\"Home\",\"item\":\"https:\\\/\\\/www.amyhorvey.com\\\/fr\\\/\"},{\"@type\":\"ListItem\",\"position\":2,\"name\":\"Audio \\\/ Visuel\"}]},{\"@type\":\"WebSite\",\"@id\":\"https:\\\/\\\/www.amyhorvey.com\\\/fr\\\/#website\",\"url\":\"https:\\\/\\\/www.amyhorvey.com\\\/fr\\\/\",\"name\":\"Amy Horvey\",\"description\":\"Trumpetist \\\/\u00a0Conductor \\\/\u00a0Composer\",\"potentialAction\":[{\"@type\":\"SearchAction\",\"target\":{\"@type\":\"EntryPoint\",\"urlTemplate\":\"https:\\\/\\\/www.amyhorvey.com\\\/fr\\\/?s={search_term_string}\"},\"query-input\":{\"@type\":\"PropertyValueSpecification\",\"valueRequired\":true,\"valueName\":\"search_term_string\"}}],\"inLanguage\":\"fr-FR\"}]}<\/script>\n<!-- \/ Yoast SEO plugin. -->","yoast_head_json":{"title":"Audio \/ Visuel - Amy Horvey","robots":{"index":"index","follow":"follow","max-snippet":"max-snippet:-1","max-image-preview":"max-image-preview:large","max-video-preview":"max-video-preview:-1"},"canonical":"https:\/\/www.amyhorvey.com\/fr\/see-listen\/","og_locale":"fr_FR","og_type":"article","og_title":"Audio \/ Visuel - Amy Horvey","og_description":"\u00c9coutez Catchment: Catchment by Amy Horvey \u00c9coutez Interview: \u00c9coutez Mille Bayous: Photos par Nicolas Hyatt","og_url":"https:\/\/www.amyhorvey.com\/fr\/see-listen\/","og_site_name":"Amy Horvey","article_modified_time":"2021-11-08T23:03:58+00:00","og_image":[{"url":"https:\/\/www.amyhorvey.com\/wp-content\/uploads\/2021\/10\/Amy-Horvey-4-Nic-Hyatt-web-1024x683.jpg","type":"","width":"","height":""}],"twitter_card":"summary_large_image","twitter_misc":{"Dur\u00e9e de lecture estim\u00e9e":"2 minutes"},"schema":{"@context":"https:\/\/schema.org","@graph":[{"@type":"WebPage","@id":"https:\/\/www.amyhorvey.com\/fr\/see-listen\/","url":"https:\/\/www.amyhorvey.com\/fr\/see-listen\/","name":"Audio \/ Visuel - Amy Horvey","isPartOf":{"@id":"https:\/\/www.amyhorvey.com\/fr\/#website"},"primaryImageOfPage":{"@id":"https:\/\/www.amyhorvey.com\/fr\/see-listen\/#primaryimage"},"image":{"@id":"https:\/\/www.amyhorvey.com\/fr\/see-listen\/#primaryimage"},"thumbnailUrl":"https:\/\/www.amyhorvey.com\/wp-content\/uploads\/2021\/10\/Amy-Horvey-4-Nic-Hyatt-web-1024x683.jpg","datePublished":"2021-09-29T18:02:42+00:00","dateModified":"2021-11-08T23:03:58+00:00","breadcrumb":{"@id":"https:\/\/www.amyhorvey.com\/fr\/see-listen\/#breadcrumb"},"inLanguage":"fr-FR","potentialAction":[{"@type":"ReadAction","target":["https:\/\/www.amyhorvey.com\/fr\/see-listen\/"]}]},{"@type":"ImageObject","inLanguage":"fr-FR","@id":"https:\/\/www.amyhorvey.com\/fr\/see-listen\/#primaryimage","url":"https:\/\/www.amyhorvey.com\/wp-content\/uploads\/2021\/10\/Amy-Horvey-4-Nic-Hyatt-web-1024x683.jpg","contentUrl":"https:\/\/www.amyhorvey.com\/wp-content\/uploads\/2021\/10\/Amy-Horvey-4-Nic-Hyatt-web-1024x683.jpg"},{"@type":"BreadcrumbList","@id":"https:\/\/www.amyhorvey.com\/fr\/see-listen\/#breadcrumb","itemListElement":[{"@type":"ListItem","position":1,"name":"Home","item":"https:\/\/www.amyhorvey.com\/fr\/"},{"@type":"ListItem","position":2,"name":"Audio \/ Visuel"}]},{"@type":"WebSite","@id":"https:\/\/www.amyhorvey.com\/fr\/#website","url":"https:\/\/www.amyhorvey.com\/fr\/","name":"Amy Horvey","description":"Trumpetist \/\u00a0Conductor \/\u00a0Composer","potentialAction":[{"@type":"SearchAction","target":{"@type":"EntryPoint","urlTemplate":"https:\/\/www.amyhorvey.com\/fr\/?s={search_term_string}"},"query-input":{"@type":"PropertyValueSpecification","valueRequired":true,"valueName":"search_term_string"}}],"inLanguage":"fr-FR"}]}},"jetpack_sharing_enabled":true,"jetpack_shortlink":"https:\/\/wp.me\/P8NKWf-6H","jetpack-related-posts":[],"_links":{"self":[{"href":"https:\/\/www.amyhorvey.com\/fr\/wp-json\/wp\/v2\/pages\/415","targetHints":{"allow":["GET"]}}],"collection":[{"href":"https:\/\/www.amyhorvey.com\/fr\/wp-json\/wp\/v2\/pages"}],"about":[{"href":"https:\/\/www.amyhorvey.com\/fr\/wp-json\/wp\/v2\/types\/page"}],"author":[{"embeddable":true,"href":"https:\/\/www.amyhorvey.com\/fr\/wp-json\/wp\/v2\/users\/1"}],"replies":[{"embeddable":true,"href":"https:\/\/www.amyhorvey.com\/fr\/wp-json\/wp\/v2\/comments?post=415"}],"version-history":[{"count":1,"href":"https:\/\/www.amyhorvey.com\/fr\/wp-json\/wp\/v2\/pages\/415\/revisions"}],"predecessor-version":[{"id":417,"href":"https:\/\/www.amyhorvey.com\/fr\/wp-json\/wp\/v2\/pages\/415\/revisions\/417"}],"wp:attachment":[{"href":"https:\/\/www.amyhorvey.com\/fr\/wp-json\/wp\/v2\/media?parent=415"}],"curies":[{"name":"wp","href":"https:\/\/api.w.org\/{rel}","templated":true}]}}